{"id":239,"date":"2019-05-06T11:21:40","date_gmt":"2019-05-06T11:21:40","guid":{"rendered":"https:\/\/dolcevita.ee\/lat\/\/?page_id=239"},"modified":"2025-07-29T10:37:58","modified_gmt":"2025-07-29T08:37:58","slug":"zimoli","status":"publish","type":"page","link":"https:\/\/dolcevita.ee\/lat\/zimoli\/","title":{"rendered":"Z\u012aMOLI"},"content":{"rendered":"<section class=\"parallax-section\"><div class=\"parallax-window\" data-z-index=\"0\" data-position-x=\"center\" data-parallax=\"scroll\" data-speed=\".0\" data-image-src=\"https:\/\/dolcevita.ee\/lat\/wp-content\/uploads\/2019\/06\/banner-1920x750-9.jpg\" style=\"align-items: flex-start;min-height: 300px;\"><div class=\"parallax-container parallax-content\"><br \/>\n<\/div><\/div><\/section>\n\n\n\n<blockquote class=\"wp-block-quote is-style-large is-layout-flow wp-block-quote-is-layout-flow\">\n<p>CHANGE<\/p>\n<\/blockquote>\n\n\n\n<figure class=\"wp-block-gallery has-nested-images columns-default is-cropped wp-block-gallery-1 is-layout-flex wp-block-gallery-is-layout-flex\">\n<figure class=\"wp-block-image\"><img loading=\"lazy\" decoding=\"async\" width=\"1024\" height=\"768\" data-id=\"891\" src=\"https:\/\/dolcevita.ee\/lat\/wp-content\/uploads\/2019\/06\/192359-Lucy-SeamlessPushUp-Hipster-Tai-HipsterString-RGB-large-1024x768.jpg\" alt=\"\" class=\"wp-image-891\" srcset=\"https:\/\/dolcevita.ee\/lat\/wp-content\/uploads\/2019\/06\/192359-Lucy-SeamlessPushUp-Hipster-Tai-HipsterString-RGB-large-1024x768.jpg 1024w, https:\/\/dolcevita.ee\/lat\/wp-content\/uploads\/2019\/06\/192359-Lucy-SeamlessPushUp-Hipster-Tai-HipsterString-RGB-large-300x225.jpg 300w, https:\/\/dolcevita.ee\/lat\/wp-content\/uploads\/2019\/06\/192359-Lucy-SeamlessPushUp-Hipster-Tai-HipsterString-RGB-large-768x576.jpg 768w, https:\/\/dolcevita.ee\/lat\/wp-content\/uploads\/2019\/06\/192359-Lucy-SeamlessPushUp-Hipster-Tai-HipsterString-RGB-large-107x80.jpg 107w\" sizes=\"auto, (max-width: 1024px) 100vw, 1024px\" \/><\/figure>\n\n\n\n<figure class=\"wp-block-image\"><img loading=\"lazy\" decoding=\"async\" width=\"1024\" height=\"683\" data-id=\"887\" src=\"https:\/\/dolcevita.ee\/lat\/wp-content\/uploads\/2019\/06\/999933-Marisol-Swimsuit-Classic-RGB-large-1024x683.jpg\" alt=\"\" class=\"wp-image-887\" srcset=\"https:\/\/dolcevita.ee\/lat\/wp-content\/uploads\/2019\/06\/999933-Marisol-Swimsuit-Classic-RGB-large-1024x683.jpg 1024w, https:\/\/dolcevita.ee\/lat\/wp-content\/uploads\/2019\/06\/999933-Marisol-Swimsuit-Classic-RGB-large-300x200.jpg 300w, https:\/\/dolcevita.ee\/lat\/wp-content\/uploads\/2019\/06\/999933-Marisol-Swimsuit-Classic-RGB-large-768x512.jpg 768w, https:\/\/dolcevita.ee\/lat\/wp-content\/uploads\/2019\/06\/999933-Marisol-Swimsuit-Classic-RGB-large-120x80.jpg 120w\" sizes=\"auto, (max-width: 1024px) 100vw, 1024px\" \/><\/figure>\n\n\n\n<figure class=\"wp-block-image\"><img loading=\"lazy\" decoding=\"async\" width=\"768\" height=\"1024\" data-id=\"888\" src=\"https:\/\/dolcevita.ee\/lat\/wp-content\/uploads\/2019\/06\/192103-Lissi-Balconette-HipsterString-RGB-large-768x1024.jpg\" alt=\"\" class=\"wp-image-888\" srcset=\"https:\/\/dolcevita.ee\/lat\/wp-content\/uploads\/2019\/06\/192103-Lissi-Balconette-HipsterString-RGB-large-768x1024.jpg 768w, https:\/\/dolcevita.ee\/lat\/wp-content\/uploads\/2019\/06\/192103-Lissi-Balconette-HipsterString-RGB-large-225x300.jpg 225w, https:\/\/dolcevita.ee\/lat\/wp-content\/uploads\/2019\/06\/192103-Lissi-Balconette-HipsterString-RGB-large-60x80.jpg 60w\" sizes=\"auto, (max-width: 768px) 100vw, 768px\" \/><\/figure>\n<\/figure>\n\n\n\n<p>Ve\u013cas dizainere Lisi Lida (Lissi Lid) un uz\u0146\u0113m\u0113js Klauss Valters Jensens (Claus Walther Jensen) satik\u0101s 1997. gad\u0101. Tad sastap\u0101s 35 gadu pieredze ve\u013cas dizain\u0101 un uz\u0146\u0113m\u012bba ra\u017eot unik\u0101lu ve\u013cu par pie\u0146emamu cenu skandin\u0101vu sieviet\u0113m. 2001. gad\u0101 Ringsted\u0101 D\u0101nij\u0101 tika atkl\u0101ts pirmais veikals. \u0160odien Eirop\u0101 un Kan\u0101d\u0101 ir vair\u0101k nek\u0101 200 CHANGE Lingerie veikalu. <\/p>\n\n\n\n<p>CHANGE Lingerie nov\u0113rt\u0113 katras sievietes dabisko skaistumu. T\u0101d\u0113\u013c ar\u012b m\u016bsu ve\u013ca nedikt\u0113, k\u0101 Tavam \u0137ermenim j\u0101izskat\u0101s, nedz sola Tevi p\u0101rv\u0113rst par kaut ko citu. Tie\u0161i pret\u0113ji, pied\u0101v\u0101jam Tev pla\u0161u da\u017e\u0101du mode\u013cu kl\u0101stu, no kuriem noteikti atrad\u012bsi sev t\u0101du, kur\u0101 jut\u012bsies skaista, caur kuru vari sevi paust un atkl\u0101t sev\u012b sievi\u0161\u0137\u012bbas lab\u0101k\u0101s puses. <br><br>M\u016bsu pamatprincips ir nemain\u012bgs, ka kr\u016b\u0161turim vienm\u0113r j\u0101izce\u013c Tava lab\u0101k\u0101 puse. <\/p>\n\n\n\n<p>Visos CHANGE Lingerie veikalos vis\u0101 pasaul\u0113 str\u0101d\u0101 r\u016bp\u012bgi apm\u0101c\u012btas klientu speci\u0101listes, kas pal\u012bdz\u0113s Tev izv\u0113l\u0113ties kr\u016b\u0161turi, kas izcels tie\u0161i Tavas lab\u0101k\u0101s puses.<\/p>\n\n\n\n<p class=\"has-text-align-center\"><a href=\"https:\/\/changelingerie.lv\/\" target=\"_blank\" rel=\"noreferrer noopener\" aria-label=\"E-store changelingerie.lv (opens in a new tab)\">E-store changelingerie.lv<\/a><br><a rel=\"noreferrer noopener\" href=\"https:\/\/www.facebook.com\/ChangeEesti\/\" target=\"_blank\">Facebook<\/a><br><a rel=\"noreferrer noopener\" href=\"https:\/\/www.instagram.com\/changelingerie_estonia\/\" target=\"_blank\">Instagram<br><\/a><a rel=\"noreferrer noopener\" aria-label=\"Change Lingerie veikali (avatakse uues sakis)\" href=\"https:\/\/dolcevita.ee\/lat\/veikali\/\" target=\"_blank\">Change Lingerie veikali<\/a><\/p>\n","protected":false},"excerpt":{"rendered":"<p>CHANGE Ve\u013cas dizainere Lisi Lida (Lissi Lid) un uz\u0146\u0113m\u0113js Klauss Valters Jensens (Claus Walther Jensen) satik\u0101s 1997. gad\u0101. Tad sastap\u0101s 35 gadu pieredze ve\u013cas dizain\u0101 un uz\u0146\u0113m\u012bba ra\u017eot unik\u0101lu ve\u013cu par pie\u0146emamu cenu skandin\u0101vu sieviet\u0113m. 2001. gad\u0101 Ringsted\u0101 D\u0101nij\u0101 tika atkl\u0101ts pirmais veikals. \u0160odien Eirop\u0101 un Kan\u0101d\u0101 ir vair\u0101k nek\u0101 [&hellip;]<\/p>\n","protected":false},"author":1,"featured_media":0,"parent":0,"menu_order":0,"comment_status":"closed","ping_status":"closed","template":"template-fullwidth.php","meta":{"inline_featured_image":false,"footnotes":""},"class_list":["post-239","page","type-page","status-publish","hentry"],"_links":{"self":[{"href":"https:\/\/dolcevita.ee\/lat\/wp-json\/wp\/v2\/pages\/239","targetHints":{"allow":["GET"]}}],"collection":[{"href":"https:\/\/dolcevita.ee\/lat\/wp-json\/wp\/v2\/pages"}],"about":[{"href":"https:\/\/dolcevita.ee\/lat\/wp-json\/wp\/v2\/types\/page"}],"author":[{"embeddable":true,"href":"https:\/\/dolcevita.ee\/lat\/wp-json\/wp\/v2\/users\/1"}],"replies":[{"embeddable":true,"href":"https:\/\/dolcevita.ee\/lat\/wp-json\/wp\/v2\/comments?post=239"}],"version-history":[{"count":60,"href":"https:\/\/dolcevita.ee\/lat\/wp-json\/wp\/v2\/pages\/239\/revisions"}],"predecessor-version":[{"id":1191,"href":"https:\/\/dolcevita.ee\/lat\/wp-json\/wp\/v2\/pages\/239\/revisions\/1191"}],"wp:attachment":[{"href":"https:\/\/dolcevita.ee\/lat\/wp-json\/wp\/v2\/media?parent=239"}],"curies":[{"name":"wp","href":"https:\/\/api.w.org\/{rel}","templated":true}]}}