{"id":241,"date":"2019-05-06T11:22:14","date_gmt":"2019-05-06T11:22:14","guid":{"rendered":"https:\/\/dolcevita.ee\/lat\/\/?page_id=241"},"modified":"2025-07-23T15:32:01","modified_gmt":"2025-07-23T13:32:01","slug":"par-mums","status":"publish","type":"page","link":"https:\/\/dolcevita.ee\/lat\/par-mums\/","title":{"rendered":"PAR MUMS"},"content":{"rendered":"\n<blockquote class=\"wp-block-quote is-style-large is-layout-flow wp-block-quote-is-layout-flow\">\n<p>M\u0113s \u2013 t\u0101 ir liel\u0101 L\u2019DolceVita \u0123imene.<\/p>\n<\/blockquote>\n\n\n<div class=\"wp-block-image\">\n<figure class=\"alignright\"><img loading=\"lazy\" decoding=\"async\" width=\"199\" height=\"300\" src=\"https:\/\/dolcevita.ee\/lat\/wp-content\/uploads\/2019\/05\/kt_5631_sml_large-199x300.jpg\" alt=\"\" class=\"wp-image-371\" srcset=\"https:\/\/dolcevita.ee\/lat\/wp-content\/uploads\/2019\/05\/kt_5631_sml_large-199x300.jpg 199w, https:\/\/dolcevita.ee\/lat\/wp-content\/uploads\/2019\/05\/kt_5631_sml_large-53x80.jpg 53w, https:\/\/dolcevita.ee\/lat\/wp-content\/uploads\/2019\/05\/kt_5631_sml_large.jpg 319w\" sizes=\"auto, (max-width: 199px) 100vw, 199px\" \/><figcaption class=\"wp-element-caption\"><em><strong>Janek Birnbaum<\/strong><\/em><br>SIA L \u0301Dolcevita Latvija vad\u012bt\u0101js<\/figcaption><\/figure><\/div>\n\n\n<p class=\"has-text-align-left\"><em>SIA L<\/em> \u0301<em>Dolcevita Latvija<\/em> un <em>O\u00dc L\u2019Dolcevita<\/em> ir div\u0101m \u0123imen\u0113m piedero\u0161i mazumtirdzniec\u012bbas uz\u0146\u0113mumi, kas jau gandr\u012bz 15 gadus, balstoties uz fran\u0161\u012bzi, import\u0113 v\u0113rt\u012bgas pre\u010du z\u012bmes. M\u0113s s\u0101k\u0101m ar Kan\u0101das sievie\u0161u apak\u0161ve\u013cas z\u012bmolu La Senza, ko sievietes Igaunij\u0101, Latvij\u0101 un Lietuv\u0101 uz\u0146\u0113ma \u013coti labi. Septi\u0146us gadus v\u0113l\u0101k (2012. gad\u0101) z\u012bmola \u012bpa\u0161nieki p\u0101rtrauca darb\u012bbu Eirop\u0101, un m\u0113s piev\u0113rs\u0101mies n\u0101kamajiem z\u012bmoliem, p\u0101rvaldot CHANGE Lingerie apak\u0161ve\u013cas un Okaidi b\u0113rnu ap\u0123\u0113rbu veikalus Igaunij\u0101 un Latvij\u0101. Kop\u0161 2017. gada Igaunij\u0101 p\u0101rst\u0101v\u0113j\u0101m It\u0101lijas dab\u012bg\u0101s kosm\u0113tikas z\u012bmolu Bottega Verde, ta\u010du diem\u017e\u0113l 2021. gada pavasar\u012b bij\u0101m spiesti sl\u0113gt Bottega Verde veikalus un interneta veikalu saist\u012bb\u0101 ar tirdzniec\u012bbas ierobe\u017eojumiem COVID-19 epid\u0113mijas d\u0113\u013c. 2025. gad\u0101 m\u0113s sl\u0113dz\u0101m Okaidi veikalus un turpin\u0101m p\u0101rvald\u012bt CHANGE Lingerie veikalus Igaunij\u0101 un Latvij\u0101, k\u0101 ar\u012b interneta veikalu Lietuv\u0101. <\/p>\n\n\n\n<p class=\"has-text-align-left\">\u201eJau pa\u0161\u0101 s\u0101kum\u0101 izvirz\u012bj\u0101m m\u0113r\u0137i pied\u0101v\u0101t bezkompromisu augstas kvalit\u0101tes apkalpo\u0161anu. No t\u0101 ir izaudzis m\u016bsu \u0161\u012bbr\u012b\u017ea kop\u0113jais un vienojo\u0161ais m\u0113r\u0137is: katru dienu nodro\u0161in\u0101m savi\u013c\u0146ojo\u0161u iepirk\u0161an\u0101s pieredzi, veikalos pied\u0101v\u0101jot lielisku klientu apkalpo\u0161anu, pla\u0161u kvalitat\u012bvu z\u012bmolu pre\u010du kl\u0101stu un skaistu iepirk\u0161an\u0101s vidi.\u201c Janeks Birnbaums <em>(Janek Birnbaum)<\/em>, <em>SIA L<\/em> \u0301<em>Dolcevita Latvija<\/em> vad\u012bt\u0101js.<\/p>\n\n\n\n<p><br>M\u0113s uzskat\u0101m, ka tikai ar kvalitat\u012bvu preci ir par maz. Lai pied\u0101v\u0101tu patiesu iepirk\u0161an\u0101s piedz\u012bvojumu, j\u0101b\u016bt ar\u012b \u013coti labai apkalpo\u0161anai. Cilv\u0113kiem, kas r\u016bp\u0113jas un v\u0113las katru dienu piepild\u012bt klientu mazos sapn\u012b\u0161us \u2013 atrast b\u0113rnam \u0113rtas kurpes, kur\u0101s spert pirmos so\u013cus, baud\u012bt ikdienas skaistuma ritu\u0101lus ar t\u012briem un dabiskiem produktiem, jaunaj\u0101 ve\u013c\u0101 justies seks\u012bgi un p\u0101rliecino\u0161i u.c.<\/p>\n\n\n\n<p><br>Tevi interes\u0113 un v\u0113lies n\u0101kt pie mums str\u0101d\u0101t? <a href=\"https:\/\/dolcevita.ee\/lat\/pievienojies-musu-komandai\/\">Pievienojies m\u016bsu komandai!<\/a><br><\/p>\n\n\n<section class=\"parallax-section\"><div class=\"parallax-window\" data-z-index=\"0\" data-position-x=\"center\" data-parallax=\"scroll\" data-speed=\".0\" data-image-src=\"https:\/\/dolcevita.ee\/lat\/wp-content\/uploads\/2019\/06\/banner-10.jpg\" style=\"align-items: flex-start;min-height: 300px;\"><div class=\"parallax-container parallax-content\"><br \/>\n<\/div><\/div><\/section>\n\n\n\n<blockquote class=\"wp-block-quote is-style-large is-layout-flow wp-block-quote-is-layout-flow\">\n<p>M\u016bsu komanda<\/p>\n<\/blockquote>\n\n\n\n<p class=\"has-text-align-left\">M\u0113s esam cilv\u0113ki, kas r\u016bp\u0113jas un katru dienu piepilda klientu sap\u0146us, gan veikal\u0101, gan biroj\u0101, visu sagatavojot.<\/p>\n\n\n\n<p class=\"has-text-align-left\">M\u0113s esam komandas biedri, kam mirdz acis, kas katru dienu m\u0101c\u0101s kaut ko jaunu un att\u012bst\u0101s.<br><br>M\u0113s esam cilv\u0113ki t\u0101ds k\u0101 Tu un es, ar sav\u0101m personiskaj\u0101m dz\u012bv\u0113m, sap\u0146iem, mazaj\u0101m \u012bpatn\u012bb\u0101m un aizraujo\u0161iem hobijiem, kas bag\u0101tina m\u016bs k\u0101 kopumu.<br><br>Latvij\u0101 un Igaunij\u0101 ar tr\u012bs pre\u010du z\u012bm\u0113m str\u0101d\u0101 77 darbinieki.<br><br>Uzzini, k\u0101p\u0113c m\u016bsu cilv\u0113kiem pat\u012bk \u0161eit str\u0101d\u0101t.<\/p>\n\n\n\n<div style=\"display:none;\">\n\n\n<div class=\"carousel-slider-outer carousel-slider-outer-hero-banner-slider carousel-slider-outer-427 swiper navigation-visibility-never navigation-position-outside pagination-visibility-always pagination-shape-circle pagination-align-center\" style=\"--carousel-slider-nav-color:#e8e8e8;--carousel-slider-active-nav-color:#c94c8e;--carousel-slider-arrow-size:48px;--carousel-slider-bullet-size:10px;--swiper-theme-color:#e8e8e8;--swiper-navigation-size:48px;--swiper-pagination-bullet-size:10px\">\n<div id=\"&#039;id-427\" class=\"carousel-slider carousel-slider-427 arrows-visibility-never dots-visibility-always arrows-outside dots-center dots-circle swiper-wrapper\" data-slide-type=\"hero-banner-slider\" data-swiper='{\"navigation\":false,\"pagination\":{\"el\":\".swiper-pagination\",\"type\":\"bullets\",\"clickable\":true},\"direction\":\"horizontal\",\"loop\":true,\"slidesOffsetBefore\":0,\"slidesOffsetAfter\":0,\"speed\":500,\"spaceBetween\":0,\"slidesPerView\":1,\"breakpoints\":{\"300\":{\"slidesPerView\":1},\"576\":{\"slidesPerView\":2},\"768\":{\"slidesPerView\":2},\"1024\":{\"slidesPerView\":3},\"1280\":{\"slidesPerView\":4},\"1536\":{\"slidesPerView\":5}},\"autoplay\":{\"delay\":4000,\"pauseOnMouseEnter\":true}}' data-animation=\"\">\n<div class=\"swiper-slide\"><div class=\"carousel-slider-hero__cell hero__cell-1\" style=\"--cell-height: 125px\"><div id=\"slide-item-427-1\" class=\"carousel-slider-hero__cell__background\" style=\"background-position:center center;background-size:contain;background-image:url(https:\/\/dolcevita.ee\/lat\/wp-content\/uploads\/2019\/09\/award-10.svg);background-color:rgba(0,0,0,0)\"><\/div><div class=\"carousel-slider-hero__cell__inner carousel-slider--h-position-center carousel-slider--v-position-middle carousel-slider--text-center\" style=\"\"><div class=\"carousel-slider-hero__cell__content hidden\" style=\"max-width:100%\" data-animation=\"\"><\/div><\/div><\/div><\/div>\n<div class=\"swiper-slide\"><div class=\"carousel-slider-hero__cell hero__cell-2\" style=\"--cell-height: 125px\"><div id=\"slide-item-427-2\" class=\"carousel-slider-hero__cell__background\" style=\"background-position:center center;background-size:contain;background-image:url(https:\/\/dolcevita.ee\/lat\/wp-content\/uploads\/2019\/09\/award-05.svg);background-color:rgba(0,0,0,0)\"><\/div><div class=\"carousel-slider-hero__cell__inner carousel-slider--h-position-center carousel-slider--v-position-middle carousel-slider--text-center\" style=\"\"><div class=\"carousel-slider-hero__cell__content hidden\" style=\"max-width:100%\" data-animation=\"\"><\/div><\/div><\/div><\/div>\n<div class=\"swiper-slide\"><div class=\"carousel-slider-hero__cell hero__cell-3\" style=\"--cell-height: 125px\"><div id=\"slide-item-427-3\" class=\"carousel-slider-hero__cell__background\" style=\"background-position:center center;background-size:contain;background-image:url(https:\/\/dolcevita.ee\/lat\/wp-content\/uploads\/2019\/09\/award-9.svg);background-color:rgba(0,0,0,0)\"><\/div><div class=\"carousel-slider-hero__cell__inner carousel-slider--h-position-center carousel-slider--v-position-middle carousel-slider--text-center\" style=\"\"><div class=\"carousel-slider-hero__cell__content hidden\" style=\"max-width:100%\" data-animation=\"\"><\/div><\/div><\/div><\/div>\n<div class=\"swiper-slide\"><div class=\"carousel-slider-hero__cell hero__cell-4\" style=\"--cell-height: 125px\"><div id=\"slide-item-427-4\" class=\"carousel-slider-hero__cell__background\" style=\"background-position:center center;background-size:contain;background-image:url(https:\/\/dolcevita.ee\/lat\/wp-content\/uploads\/2019\/09\/award-8.svg);background-color:rgba(0,0,0,0)\"><\/div><div class=\"carousel-slider-hero__cell__inner carousel-slider--h-position-center carousel-slider--v-position-middle carousel-slider--text-center\" style=\"\"><div class=\"carousel-slider-hero__cell__content hidden\" style=\"max-width:100%\" data-animation=\"\"><\/div><\/div><\/div><\/div>\n<div class=\"swiper-slide\"><div class=\"carousel-slider-hero__cell hero__cell-5\" style=\"--cell-height: 125px\"><div id=\"slide-item-427-5\" class=\"carousel-slider-hero__cell__background\" style=\"background-position:center center;background-size:contain;background-image:url(https:\/\/dolcevita.ee\/lat\/wp-content\/uploads\/2019\/09\/award-7.svg);background-color:rgba(0,0,0,0)\"><\/div><div class=\"carousel-slider-hero__cell__inner carousel-slider--h-position-center carousel-slider--v-position-middle carousel-slider--text-center\" style=\"\"><div class=\"carousel-slider-hero__cell__content hidden\" style=\"max-width:100%\" data-animation=\"\"><\/div><\/div><\/div><\/div>\n<div class=\"swiper-slide\"><div class=\"carousel-slider-hero__cell hero__cell-6\" style=\"--cell-height: 125px\"><div id=\"slide-item-427-6\" class=\"carousel-slider-hero__cell__background\" style=\"background-position:center center;background-size:contain;background-image:url(https:\/\/dolcevita.ee\/lat\/wp-content\/uploads\/2019\/09\/award-6.svg);background-color:rgba(0,0,0,0)\"><\/div><div class=\"carousel-slider-hero__cell__inner carousel-slider--h-position-center carousel-slider--v-position-middle carousel-slider--text-center\" style=\"\"><div class=\"carousel-slider-hero__cell__content hidden\" style=\"max-width:100%\" data-animation=\"\"><\/div><\/div><\/div><\/div>\n<div class=\"swiper-slide\"><div class=\"carousel-slider-hero__cell hero__cell-7\" style=\"--cell-height: 125px\"><div id=\"slide-item-427-7\" class=\"carousel-slider-hero__cell__background\" style=\"background-position:center center;background-size:contain;background-image:url(https:\/\/dolcevita.ee\/lat\/wp-content\/uploads\/2019\/09\/award-5.svg);background-color:rgba(0,0,0,0)\"><\/div><div class=\"carousel-slider-hero__cell__inner carousel-slider--h-position-center carousel-slider--v-position-middle carousel-slider--text-center\" style=\"\"><div class=\"carousel-slider-hero__cell__content hidden\" style=\"max-width:100%\" data-animation=\"\"><\/div><\/div><\/div><\/div>\n<div class=\"swiper-slide\"><div class=\"carousel-slider-hero__cell hero__cell-8\" style=\"--cell-height: 125px\"><div id=\"slide-item-427-8\" class=\"carousel-slider-hero__cell__background\" style=\"background-position:center center;background-size:contain;background-image:url(https:\/\/dolcevita.ee\/lat\/wp-content\/uploads\/2019\/09\/award-4.svg);background-color:rgba(0,0,0,0)\"><\/div><div class=\"carousel-slider-hero__cell__inner carousel-slider--h-position-center carousel-slider--v-position-middle carousel-slider--text-center\" style=\"\"><div class=\"carousel-slider-hero__cell__content hidden\" style=\"max-width:100%\" data-animation=\"\"><\/div><\/div><\/div><\/div>\n<div class=\"swiper-slide\"><div class=\"carousel-slider-hero__cell hero__cell-9\" style=\"--cell-height: 125px\"><div id=\"slide-item-427-9\" class=\"carousel-slider-hero__cell__background\" style=\"background-position:center center;background-size:contain;background-image:url(https:\/\/dolcevita.ee\/lat\/wp-content\/uploads\/2019\/09\/award-3.svg);background-color:rgba(0,0,0,0)\"><\/div><div class=\"carousel-slider-hero__cell__inner carousel-slider--h-position-center carousel-slider--v-position-middle carousel-slider--text-center\" style=\"\"><div class=\"carousel-slider-hero__cell__content hidden\" style=\"max-width:100%\" data-animation=\"\"><\/div><\/div><\/div><\/div>\n<div class=\"swiper-slide\"><div class=\"carousel-slider-hero__cell hero__cell-10\" style=\"--cell-height: 125px\"><div id=\"slide-item-427-10\" class=\"carousel-slider-hero__cell__background\" style=\"background-position:center center;background-size:contain;background-image:url(https:\/\/dolcevita.ee\/lat\/wp-content\/uploads\/2019\/09\/award-2.svg);background-color:rgba(0,0,0,0)\"><\/div><div class=\"carousel-slider-hero__cell__inner carousel-slider--h-position-center carousel-slider--v-position-middle carousel-slider--text-center\" style=\"\"><div class=\"carousel-slider-hero__cell__content hidden\" style=\"max-width:100%\" data-animation=\"\"><\/div><\/div><\/div><\/div>\n<div class=\"swiper-slide\"><div class=\"carousel-slider-hero__cell hero__cell-11\" style=\"--cell-height: 125px\"><div id=\"slide-item-427-11\" class=\"carousel-slider-hero__cell__background\" style=\"background-position:center center;background-size:contain;background-image:url(https:\/\/dolcevita.ee\/lat\/wp-content\/uploads\/2019\/09\/award-1.svg);background-color:rgba(0,0,0,0)\"><\/div><div class=\"carousel-slider-hero__cell__inner carousel-slider--h-position-center carousel-slider--v-position-middle carousel-slider--text-center\" style=\"\"><div class=\"carousel-slider-hero__cell__content hidden\" style=\"max-width:100%\" data-animation=\"\"><\/div><\/div><\/div><\/div>\n<\/div><!-- .carousel-slider-427 -->\n<div class=\"swiper-pagination\"><\/div><\/div><!-- .carousel-slider-outer-427 -->\n\n\n\n\n<\/div>\n","protected":false},"excerpt":{"rendered":"<p>M\u0113s \u2013 t\u0101 ir liel\u0101 L\u2019DolceVita \u0123imene. SIA L \u0301Dolcevita Latvija un O\u00dc L\u2019Dolcevita ir div\u0101m \u0123imen\u0113m piedero\u0161i mazumtirdzniec\u012bbas uz\u0146\u0113mumi, kas jau gandr\u012bz 15 gadus, balstoties uz fran\u0161\u012bzi, import\u0113 v\u0113rt\u012bgas pre\u010du z\u012bmes. M\u0113s s\u0101k\u0101m ar Kan\u0101das sievie\u0161u apak\u0161ve\u013cas z\u012bmolu La Senza, ko sievietes Igaunij\u0101, Latvij\u0101 un Lietuv\u0101 uz\u0146\u0113ma \u013coti labi. [&hellip;]<\/p>\n","protected":false},"author":1,"featured_media":0,"parent":0,"menu_order":0,"comment_status":"closed","ping_status":"closed","template":"template-listing-technico_team.php","meta":{"inline_featured_image":false,"footnotes":""},"class_list":["post-241","page","type-page","status-publish","hentry"],"_links":{"self":[{"href":"https:\/\/dolcevita.ee\/lat\/wp-json\/wp\/v2\/pages\/241","targetHints":{"allow":["GET"]}}],"collection":[{"href":"https:\/\/dolcevita.ee\/lat\/wp-json\/wp\/v2\/pages"}],"about":[{"href":"https:\/\/dolcevita.ee\/lat\/wp-json\/wp\/v2\/types\/page"}],"author":[{"embeddable":true,"href":"https:\/\/dolcevita.ee\/lat\/wp-json\/wp\/v2\/users\/1"}],"replies":[{"embeddable":true,"href":"https:\/\/dolcevita.ee\/lat\/wp-json\/wp\/v2\/comments?post=241"}],"version-history":[{"count":83,"href":"https:\/\/dolcevita.ee\/lat\/wp-json\/wp\/v2\/pages\/241\/revisions"}],"predecessor-version":[{"id":1189,"href":"https:\/\/dolcevita.ee\/lat\/wp-json\/wp\/v2\/pages\/241\/revisions\/1189"}],"wp:attachment":[{"href":"https:\/\/dolcevita.ee\/lat\/wp-json\/wp\/v2\/media?parent=241"}],"curies":[{"name":"wp","href":"https:\/\/api.w.org\/{rel}","templated":true}]}}