{"id":243,"date":"2019-05-06T11:22:50","date_gmt":"2019-05-06T11:22:50","guid":{"rendered":"https:\/\/dolcevita.ee\/lat\/\/?page_id=243"},"modified":"2025-07-23T10:18:01","modified_gmt":"2025-07-23T08:18:01","slug":"veikali","status":"publish","type":"page","link":"https:\/\/dolcevita.ee\/lat\/veikali\/","title":{"rendered":"VEIKALI"},"content":{"rendered":"\n\t\t<!-- MasterSlider -->\n\t\t<div id=\"P_MS69ef93be80989\" class=\"master-slider-parent ms-parent-id-5\" style=\"\" >\n\n\t\t\t\n\t\t\t<!-- MasterSlider Main -->\n\t\t\t<div id=\"MS69ef93be80989\" class=\"master-slider ms-skin-default\" >\n\t\t\t\t \t\t\t\t \n\n\t\t\t<div  class=\"ms-slide\" data-delay=\"3\" data-fill-mode=\"fill\"   >\n\t\t\t\t\t<img decoding=\"async\" src=\"https:\/\/dolcevita.ee\/lat\/wp-content\/plugins\/masterslider\/public\/assets\/css\/blank.gif\" alt=\"\" title=\"Untitled-2\" data-src=\"https:\/\/dolcevita.ee\/lat\/wp-content\/uploads\/2019\/06\/Untitled-2.jpg\" \/>\n\n\n\t\t\t\t<\/div>\n\t\t\t<div  class=\"ms-slide\" data-delay=\"4\" data-fill-mode=\"fill\"   >\n\t\t\t\t\t<img decoding=\"async\" src=\"https:\/\/dolcevita.ee\/lat\/wp-content\/plugins\/masterslider\/public\/assets\/css\/blank.gif\" alt=\"\" title=\"Untitled-3\" data-src=\"https:\/\/dolcevita.ee\/lat\/wp-content\/uploads\/2019\/06\/Untitled-3.jpg\" \/>\n\n\n\t\t\t\t<\/div>\n\t\t\t<div  class=\"ms-slide\" data-delay=\"4\" data-fill-mode=\"fill\"   >\n\t\t\t\t\t<img decoding=\"async\" src=\"https:\/\/dolcevita.ee\/lat\/wp-content\/plugins\/masterslider\/public\/assets\/css\/blank.gif\" alt=\"\" title=\"banner-1920x750-19\" data-src=\"https:\/\/dolcevita.ee\/lat\/wp-content\/uploads\/2019\/06\/banner-1920x750-19.jpg\" \/>\n\n\n\t\t\t\t<\/div>\n\t\t\t<div  class=\"ms-slide\" data-delay=\"4\" data-fill-mode=\"fill\"   >\n\t\t\t\t\t<img decoding=\"async\" src=\"https:\/\/dolcevita.ee\/lat\/wp-content\/plugins\/masterslider\/public\/assets\/css\/blank.gif\" alt=\"\" title=\"banner-1920x750-18\" data-src=\"https:\/\/dolcevita.ee\/lat\/wp-content\/uploads\/2019\/06\/banner-1920x750-18.jpg\" \/>\n\n\n\t\t\t\t<\/div>\n\t\t\t<div  class=\"ms-slide\" data-delay=\"4\" data-fill-mode=\"fill\"   >\n\t\t\t\t\t<img decoding=\"async\" src=\"https:\/\/dolcevita.ee\/lat\/wp-content\/plugins\/masterslider\/public\/assets\/css\/blank.gif\" alt=\"\" title=\"banner-1920x750-17\" data-src=\"https:\/\/dolcevita.ee\/lat\/wp-content\/uploads\/2019\/06\/banner-1920x750-17.jpg\" \/>\n\n\n\t\t\t\t<\/div>\n\t\t\t<div  class=\"ms-slide\" data-delay=\"4\" data-fill-mode=\"fill\"   >\n\t\t\t\t\t<img decoding=\"async\" src=\"https:\/\/dolcevita.ee\/lat\/wp-content\/plugins\/masterslider\/public\/assets\/css\/blank.gif\" alt=\"\" title=\"banner-1920x750-11\" data-src=\"https:\/\/dolcevita.ee\/lat\/wp-content\/uploads\/2019\/06\/banner-1920x750-11.jpg\" \/>\n\n\n\t\t\t\t<\/div>\n\t\t\t<div  class=\"ms-slide\" data-delay=\"4\" data-fill-mode=\"fill\"   >\n\t\t\t\t\t<img decoding=\"async\" src=\"https:\/\/dolcevita.ee\/lat\/wp-content\/plugins\/masterslider\/public\/assets\/css\/blank.gif\" alt=\"\" title=\"banner-1920x750-10\" data-src=\"https:\/\/dolcevita.ee\/lat\/wp-content\/uploads\/2019\/06\/banner-1920x750-10.jpg\" \/>\n\n\n\t\t\t\t<\/div>\n\t\t\t<div  class=\"ms-slide\" data-delay=\"4\" data-fill-mode=\"fill\"   >\n\t\t\t\t\t<img decoding=\"async\" src=\"https:\/\/dolcevita.ee\/lat\/wp-content\/plugins\/masterslider\/public\/assets\/css\/blank.gif\" alt=\"\" title=\"banner-1920x750-9\" data-src=\"https:\/\/dolcevita.ee\/lat\/wp-content\/uploads\/2019\/06\/banner-1920x750-9.jpg\" \/>\n\n\n\t\t\t\t<\/div>\n\n\t\t\t<\/div>\n\t\t\t<!-- END MasterSlider Main -->\n\n\t\t\t \n\t\t<\/div>\n\t\t<!-- END MasterSlider -->\n\n\t\t<script>\n\t\t( window.MSReady = window.MSReady || [] ).push( function( $ ) {\n\n\t\t\t\"use strict\";\n\t\t\tvar masterslider_0989 = new MasterSlider();\n\n\t\t\t\/\/ slider controls\n\t\t\t\/\/ slider setup\n\t\t\tmasterslider_0989.setup(\"MS69ef93be80989\", {\n\t\t\t\twidth           : 1000,\n\t\t\t\theight          : 500,\n\t\t\t\tminHeight       : 0,\n\t\t\t\tspace           : 0,\n\t\t\t\tstart           : 1,\n\t\t\t\tgrabCursor      : false,\n\t\t\t\tswipe           : true,\n\t\t\t\tmouse           : false,\n\t\t\t\tkeyboard        : true,\n\t\t\t\tlayout          : \"fullwidth\",\n\t\t\t\twheel           : false,\n\t\t\t\tautoplay        : true,\n                instantStartLayers:false,\n\t\t\t\tmobileBGVideo:false,\n\t\t\t\tloop            : true,\n\t\t\t\tshuffle         : true,\n\t\t\t\tpreload         : 0,\n\t\t\t\theightLimit     : true,\n\t\t\t\tautoHeight      : false,\n\t\t\t\tsmoothHeight    : true,\n\t\t\t\tendPause        : false,\n\t\t\t\toverPause       : false,\n\t\t\t\tfillMode        : \"fill\",\n\t\t\t\tcenterControls  : true,\n\t\t\t\tstartOnAppear   : false,\n\t\t\t\tlayersMode      : \"center\",\n\t\t\t\tautofillTarget  : \"\",\n\t\t\t\thideLayers      : false,\n\t\t\t\tfullscreenMargin: 0,\n\t\t\t\tspeed           : 2,\n\t\t\t\tdir             : \"h\",\n\t\t\t\tresponsive      : true,\n\t\t\t\ttabletWidth     : 768,\n\t\t\t\ttabletHeight    : null,\n\t\t\t\tphoneWidth      : 480,\n\t\t\t\tphoneHeight    : null,\n\t\t\t\tsizingReference : window,\n\t\t\t\tparallaxMode    : 'swipe',\n\t\t\t\tview            : \"fade\"\n\t\t\t});\n\n\t\t\t\n\t\t\twindow.masterslider_instances = window.masterslider_instances || [];\n\t\t\twindow.masterslider_instances.push( masterslider_0989 );\n\t\t});\n\t\t<\/script>\n\n\n\n\n\n<blockquote class=\"wp-block-quote is-style-large is-layout-flow wp-block-quote-is-layout-flow\">\n<p>Pirms pirkuma veik\u0161anas ieteicams audumu pataust\u012bt un ve\u013cu uzm\u0113r\u012bt, vai ne? V\u0113lamies, lai ar profesion\u0101\u013cu pal\u012bdz\u012bbu \u0101tri tiktu atrasts tie\u0161i tas, par ko klients sap\u0146o un mekl\u0113. N\u0101c pie mums ciemos \u2013 gaid\u0101m Tevi!<\/p>\n<\/blockquote>\n\n\n\n<p><\/p>\n\n\n\n<br>\n\n\n\n<figure class=\"wp-block-gallery has-nested-images columns-default is-cropped wp-block-gallery-1 is-layout-flex wp-block-gallery-is-layout-flex\">\n<figure class=\"wp-block-image\"><img loading=\"lazy\" decoding=\"async\" width=\"1024\" height=\"400\" data-id=\"857\" src=\"https:\/\/dolcevita.ee\/lat\/wp-content\/uploads\/2019\/06\/banner-1920x750-9-1024x400.jpg\" alt=\"\" class=\"wp-image-857\" srcset=\"https:\/\/dolcevita.ee\/lat\/wp-content\/uploads\/2019\/06\/banner-1920x750-9-1024x400.jpg 1024w, https:\/\/dolcevita.ee\/lat\/wp-content\/uploads\/2019\/06\/banner-1920x750-9-300x117.jpg 300w, https:\/\/dolcevita.ee\/lat\/wp-content\/uploads\/2019\/06\/banner-1920x750-9-768x300.jpg 768w, https:\/\/dolcevita.ee\/lat\/wp-content\/uploads\/2019\/06\/banner-1920x750-9-205x80.jpg 205w, https:\/\/dolcevita.ee\/lat\/wp-content\/uploads\/2019\/06\/banner-1920x750-9.jpg 1920w\" sizes=\"auto, (max-width: 1024px) 100vw, 1024px\" \/><\/figure>\n<\/figure>\n\n\n\n<h2 class=\"wp-block-heading\" id=\"change\">CHANGE Lingerie<\/h2>\n\n\n\n<p class=\"has-text-align-center\">  <strong>R\u012bga<\/strong>  <\/p>\n\n\n\n<p class=\"has-text-align-center\">T\/C  Spice <br>Tel: +371  67305241 <br> riga(at)changelingerie.lv <\/p>\n\n\n\n<p class=\"has-text-align-center\">T\/C  Akropole Alfa <br>Tel: +371  67194440 <br> riga(at)changelingerie.lv <\/p>\n\n\n\n<p class=\"has-text-align-center\"> Interneta veikals <a rel=\"noreferrer noopener\" aria-label=\"E-store changelingerie.lv (opens in a new tab)\" href=\"https:\/\/changelingerie.lv\/\" target=\"_blank\"> changelingerie.lv<\/a><\/p>\n","protected":false},"excerpt":{"rendered":"<p>Pirms pirkuma veik\u0161anas ieteicams audumu pataust\u012bt un ve\u013cu uzm\u0113r\u012bt, vai ne? V\u0113lamies, lai ar profesion\u0101\u013cu pal\u012bdz\u012bbu \u0101tri tiktu atrasts tie\u0161i tas, par ko klients sap\u0146o un mekl\u0113. N\u0101c pie mums ciemos \u2013 gaid\u0101m Tevi! CHANGE Lingerie R\u012bga T\/C Spice Tel: +371 67305241 riga(at)changelingerie.lv T\/C Akropole Alfa Tel: +371 67194440 riga(at)changelingerie.lv [&hellip;]<\/p>\n","protected":false},"author":1,"featured_media":0,"parent":0,"menu_order":0,"comment_status":"closed","ping_status":"closed","template":"template-fullwidth.php","meta":{"inline_featured_image":false,"footnotes":""},"class_list":["post-243","page","type-page","status-publish","hentry"],"_links":{"self":[{"href":"https:\/\/dolcevita.ee\/lat\/wp-json\/wp\/v2\/pages\/243","targetHints":{"allow":["GET"]}}],"collection":[{"href":"https:\/\/dolcevita.ee\/lat\/wp-json\/wp\/v2\/pages"}],"about":[{"href":"https:\/\/dolcevita.ee\/lat\/wp-json\/wp\/v2\/types\/page"}],"author":[{"embeddable":true,"href":"https:\/\/dolcevita.ee\/lat\/wp-json\/wp\/v2\/users\/1"}],"replies":[{"embeddable":true,"href":"https:\/\/dolcevita.ee\/lat\/wp-json\/wp\/v2\/comments?post=243"}],"version-history":[{"count":55,"href":"https:\/\/dolcevita.ee\/lat\/wp-json\/wp\/v2\/pages\/243\/revisions"}],"predecessor-version":[{"id":1185,"href":"https:\/\/dolcevita.ee\/lat\/wp-json\/wp\/v2\/pages\/243\/revisions\/1185"}],"wp:attachment":[{"href":"https:\/\/dolcevita.ee\/lat\/wp-json\/wp\/v2\/media?parent=243"}],"curies":[{"name":"wp","href":"https:\/\/api.w.org\/{rel}","templated":true}]}}