{"id":245,"date":"2019-05-06T11:23:04","date_gmt":"2019-05-06T11:23:04","guid":{"rendered":"https:\/\/dolcevita.ee\/lat\/\/?page_id=245"},"modified":"2025-09-10T13:13:19","modified_gmt":"2025-09-10T11:13:19","slug":"pievienojies-musu-komandai","status":"publish","type":"page","link":"https:\/\/dolcevita.ee\/lat\/pievienojies-musu-komandai\/","title":{"rendered":"PIEVIENOJIES M\u016aSU KOMANDAI"},"content":{"rendered":"<section class=\"parallax-section\"><div class=\"parallax-window\" data-z-index=\"0\" data-position-x=\"center\" data-parallax=\"scroll\" data-speed=\".0\" data-image-src=\"https:\/\/dolcevita.ee\/lat\/wp-content\/uploads\/2019\/06\/banner-1920x750-18.jpg\" style=\"align-items: flex-start;min-height: 300px;\"><div class=\"parallax-container parallax-content\"><br \/>\n<\/div><\/div><\/section>\n\n\n\n<blockquote class=\"wp-block-quote is-style-large is-layout-flow wp-block-quote-is-layout-flow\">\n<p>Vai redzi sevi komad\u0101 ar kop\u012bgu m\u0113r\u0137i \u2013 nodro\u0161in\u0101s savi\u013c\u0146ojo\u0161u iepirk\u0161an\u0101s piedz\u012bvojumu un pied\u0101v\u0101jot lielisku klientu apkalpo\u0161anu?<br><\/p>\n<\/blockquote>\n\n\n\n<div class=\"container\">\t\n\t<div class=\"row\">\t\n<div class=\"brandid\">\t\n\t\n\t\n\t\t\n\n\t\t\t\t\t\t<div class=\"col-lg-12 col-xs-12\">\n\t\t\t\t\t\t\t\t\t\t\t\t<a href=\"\/lat\/kandidesana\">\n\n\t\t<div class=\"brand change\">\n\n<img decoding=\"async\" src=\"https:\/\/dolcevita.ee\/lat\/wp-content\/themes\/technico\/images\/change.svg\" alt=\"change\">\n\t\t\t\t\t\t\t\t\t\t\t\t\t<\/div><\/a><\/div>\n\n\t<\/div>\n\t\t<\/div>\n\t\t\t<\/div>\n\n\n\n<div class=\"container cta-tiim2\">\t\n\t<div class=\"row\">\t\n\t\n\t\n\n\t\t\t\t\t\t<div class=\"col-lg-12 col-xs-12\">\n\t\t\t\t\t\t\t\t\t\t\t\t<a class=\"btn\" href=\"\/lat\/kandidesana\" rel=\"noopener noreferrer\">\n\nChange<\/a><\/div>\n\n\t\t<\/div>\n\t\t\t<\/div>\n\n\n\n<blockquote class=\"wp-block-quote is-style-large is-layout-flow wp-block-quote-is-layout-flow\">\n<p><strong>V\u0113l neesi izl\u0113mis? Ja v\u0113lies pievienoties m\u016bsu komandai, nos\u016bti mums savu kontaktinform\u0101ciju un m\u0113s ar Tevi sazin\u0101simies.<\/strong><\/p>\n\n\n\n<p><strong>Ja Tevi interes\u0113, k\u0101ds var\u0113tu b\u016bt Tavs darba grafiks vai ir radu\u0161ies jebk\u0101di citi jaut\u0101jumi, dro\u0161i sazinies ar mums!<\/strong><\/p>\n\n\n\n<p><strong>Nekad nevar zin\u0101t, k\u0101di dz\u012bv\u0113 gaid\u0101mi l\u012bklo\u010di.<\/strong><\/p>\n<\/blockquote>\n\n\n\n<div class=\"cta-tiim\">\n<a href=\"\/lat\/kandidesana\" btn=\"\" btn-lg\"=\"\"> Kandid\u0113\u0161ana<\/a><br><br>\n<\/div>\n\n\n\n<div class=\"wpcf7 no-js\" id=\"wpcf7-f541-o1\" lang=\"en-GB\" dir=\"ltr\" data-wpcf7-id=\"541\">\n<div class=\"screen-reader-response\"><p role=\"status\" aria-live=\"polite\" aria-atomic=\"true\"><\/p> <ul><\/ul><\/div>\n<form action=\"\/lat\/wp-json\/wp\/v2\/pages\/245#wpcf7-f541-o1\" method=\"post\" class=\"wpcf7-form init\" aria-label=\"Contact form\" novalidate=\"novalidate\" data-status=\"init\">\n<fieldset class=\"hidden-fields-container\"><input type=\"hidden\" name=\"_wpcf7\" value=\"541\" \/><input type=\"hidden\" name=\"_wpcf7_version\" value=\"6.1.1\" \/><input type=\"hidden\" name=\"_wpcf7_locale\" value=\"en_GB\" \/><input type=\"hidden\" name=\"_wpcf7_unit_tag\" value=\"wpcf7-f541-o1\" \/><input type=\"hidden\" name=\"_wpcf7_container_post\" value=\"0\" \/><input type=\"hidden\" name=\"_wpcf7_posted_data_hash\" value=\"\" \/>\n<\/fieldset>\n<p>\t\t<div id=\"cf7md-form\" class=\"cf7md-form\">\n\t\t\t<div class=\"mdc-layout-grid\">\n\t\t\t\t<div class=\"mdc-layout-grid__inner\">\n\t\t\t\t\t\t\t\t\t\t\n<\/p>\n\t\t\n\t\t<div class=\"cf7md-item cf7md-text mdc-layout-grid__cell mdc-layout-grid__cell--span-12\">\n\t\t\t<br \/>\n<span class=\"wpcf7-form-control-wrap\" data-name=\"your-name\"><input size=\"40\" maxlength=\"400\" class=\"wpcf7-form-control wpcf7-text wpcf7-validates-as-required\" aria-required=\"true\" aria-invalid=\"false\" value=\"\" type=\"text\" name=\"your-name\" \/><\/span><br \/>\n\t\t\t\t\t\t<div style=\"display: none;\" class=\"cf7md-text-html\">\n\t\t\t\t<div class=\"mdc-text-field \">\n\t\t\t\t\t\n\t\t\t\t\t\t\t\t\t\t\t<label class=\"mdc-floating-label\">Tavs v\u0101rds, uzv\u0101rds<\/label>\n\t\t\t\t\t\t<div class=\"mdc-line-ripple\"><\/div>\n\t\t\t\t\t\t\t\t\t<\/div>\n\t\t\t<\/div>\n\t\t<\/div>\n\t\t\n\t\t\n\t\t<div class=\"cf7md-item cf7md-text mdc-layout-grid__cell mdc-layout-grid__cell--span-12\">\n\t\t\t<br \/>\n<span class=\"wpcf7-form-control-wrap\" data-name=\"your-tel\"><input size=\"40\" maxlength=\"400\" class=\"wpcf7-form-control wpcf7-tel wpcf7-validates-as-required wpcf7-text wpcf7-validates-as-tel\" aria-required=\"true\" aria-invalid=\"false\" value=\"\" type=\"tel\" name=\"your-tel\" \/><\/span><br \/>\n\t\t\t\t\t\t<div style=\"display: none;\" class=\"cf7md-text-html\">\n\t\t\t\t<div class=\"mdc-text-field \">\n\t\t\t\t\t\n\t\t\t\t\t\t\t\t\t\t\t<label class=\"mdc-floating-label\">Tavs t\u0101lrunis<\/label>\n\t\t\t\t\t\t<div class=\"mdc-line-ripple\"><\/div>\n\t\t\t\t\t\t\t\t\t<\/div>\n\t\t\t<\/div>\n\t\t<\/div>\n\t\t\n\t\t\n\t\t<div class=\"cf7md-item cf7md-text mdc-layout-grid__cell mdc-layout-grid__cell--span-12\">\n\t\t\t<br \/>\n<span class=\"wpcf7-form-control-wrap\" data-name=\"your-email\"><input size=\"40\" maxlength=\"400\" class=\"wpcf7-form-control wpcf7-email wpcf7-validates-as-required wpcf7-text wpcf7-validates-as-email\" aria-required=\"true\" aria-invalid=\"false\" value=\"\" type=\"email\" name=\"your-email\" \/><\/span><br \/>\n\t\t\t\t\t\t<div style=\"display: none;\" class=\"cf7md-text-html\">\n\t\t\t\t<div class=\"mdc-text-field \">\n\t\t\t\t\t\n\t\t\t\t\t\t\t\t\t\t\t<label class=\"mdc-floating-label\">Tavs e-pasts<\/label>\n\t\t\t\t\t\t<div class=\"mdc-line-ripple\"><\/div>\n\t\t\t\t\t\t\t\t\t<\/div>\n\t\t\t<\/div>\n\t\t<\/div>\n\t\t\n\t\t<div class=\"cf7md-item cf7md-select mdc-layout-grid__cell mdc-layout-grid__cell--span-12\">\n\t\t\t<br \/>\n<span class=\"wpcf7-form-control-wrap\" data-name=\"menu-251\"><select class=\"wpcf7-form-control wpcf7-select wpcf7-validates-as-required\" aria-required=\"true\" aria-invalid=\"false\" name=\"menu-251\"><option value=\"CHANGE Lingerie\">CHANGE Lingerie<\/option><\/select><\/span><br \/>\n\t\t\t\t\t\t<div style=\"display: none;\" class=\"cf7md-select-html\">\n\t\t\t\t<div class=\"mdc-select  mdc-select--box\">\n\t\t\t\t\t\t\n\t\t\t\t\t<i class=\"mdc-select__dropdown-icon\"><\/i>\n\t\t\t\t\t\t\t\t\t\t\t<label class=\"mdc-floating-label\">Izv\u0113lies z\u012bmolu<\/label>\n\t\t\t\t\t\t<div class=\"mdc-line-ripple\"><\/div>\n\t\t\t\t\t\t\t\t\t<\/div>\n\t\t\t<\/div>\n\t\t<\/div>\n\t\t\n\t\t<div class=\"cf7md-item cf7md-submit mdc-layout-grid__cell mdc-layout-grid__cell--span-12\" data-button-style=\"raised\">\n\t\t\t<br \/>\n<input class=\"wpcf7-form-control wpcf7-submit has-spinner\" type=\"submit\" value=\"S\u016aT\u012aT\" \/><br \/>\n\t\t\t<svg class=\"cf7md-spinner\" width=\"25px\" height=\"25px\" viewBox=\"0 0 66 66\" xmlns=\"http:\/\/www.w3.org\/2000\/svg\">\n\t\t\t\t<circle class=\"cf7md-spinner-path\" fill=\"none\" stroke-width=\"6\" stroke-linecap=\"round\" cx=\"33\" cy=\"33\" r=\"30\"><\/circle>\n\t\t\t<\/svg>\n\t\t<\/div>\n\t\t\n\t\t\t\t\t\t\t\t\t<\/div>\n\t\t\t<\/div>\n\t\t<\/div>\n\t\t\n<\/p><input type='hidden' class='wpcf7-pum' value='{\"closepopup\":false,\"closedelay\":0,\"openpopup\":false,\"openpopup_id\":0}' \/><div class=\"wpcf7-response-output\" aria-hidden=\"true\"><\/div>\n<\/form>\n<\/div>\n\n","protected":false},"excerpt":{"rendered":"<p>Vai redzi sevi komad\u0101 ar kop\u012bgu m\u0113r\u0137i \u2013 nodro\u0161in\u0101s savi\u013c\u0146ojo\u0161u iepirk\u0161an\u0101s piedz\u012bvojumu un pied\u0101v\u0101jot lielisku klientu apkalpo\u0161anu? Change V\u0113l neesi izl\u0113mis? Ja v\u0113lies pievienoties m\u016bsu komandai, nos\u016bti mums savu kontaktinform\u0101ciju un m\u0113s ar Tevi sazin\u0101simies. Ja Tevi interes\u0113, k\u0101ds var\u0113tu b\u016bt Tavs darba grafiks vai ir radu\u0161ies jebk\u0101di citi jaut\u0101jumi, [&hellip;]<\/p>\n","protected":false},"author":1,"featured_media":0,"parent":0,"menu_order":0,"comment_status":"closed","ping_status":"closed","template":"template-fullwidth.php","meta":{"inline_featured_image":false,"footnotes":""},"class_list":["post-245","page","type-page","status-publish","hentry"],"_links":{"self":[{"href":"https:\/\/dolcevita.ee\/lat\/wp-json\/wp\/v2\/pages\/245","targetHints":{"allow":["GET"]}}],"collection":[{"href":"https:\/\/dolcevita.ee\/lat\/wp-json\/wp\/v2\/pages"}],"about":[{"href":"https:\/\/dolcevita.ee\/lat\/wp-json\/wp\/v2\/types\/page"}],"author":[{"embeddable":true,"href":"https:\/\/dolcevita.ee\/lat\/wp-json\/wp\/v2\/users\/1"}],"replies":[{"embeddable":true,"href":"https:\/\/dolcevita.ee\/lat\/wp-json\/wp\/v2\/comments?post=245"}],"version-history":[{"count":82,"href":"https:\/\/dolcevita.ee\/lat\/wp-json\/wp\/v2\/pages\/245\/revisions"}],"predecessor-version":[{"id":1199,"href":"https:\/\/dolcevita.ee\/lat\/wp-json\/wp\/v2\/pages\/245\/revisions\/1199"}],"wp:attachment":[{"href":"https:\/\/dolcevita.ee\/lat\/wp-json\/wp\/v2\/media?parent=245"}],"curies":[{"name":"wp","href":"https:\/\/api.w.org\/{rel}","templated":true}]}}