{"id":43,"date":"2016-05-22T08:17:13","date_gmt":"2016-05-22T08:17:13","guid":{"rendered":"http:\/\/www.cssigniter.com\/preview\/technico\/?page_id=43"},"modified":"2023-08-09T12:27:09","modified_gmt":"2023-08-09T10:27:09","slug":"kontakti","status":"publish","type":"page","link":"https:\/\/dolcevita.ee\/lat\/kontakti\/","title":{"rendered":"KONTAKTI"},"content":{"rendered":"\n\t\t<!-- MasterSlider -->\n\t\t<div id=\"P_MS6a02cace17773\" class=\"master-slider-parent ms-parent-id-5\" style=\"\" >\n\n\t\t\t\n\t\t\t<!-- MasterSlider Main -->\n\t\t\t<div id=\"MS6a02cace17773\" class=\"master-slider ms-skin-default\" >\n\t\t\t\t \t\t\t\t \n\n\t\t\t<div  class=\"ms-slide\" data-delay=\"3\" data-fill-mode=\"fill\"   >\n\t\t\t\t\t<img decoding=\"async\" src=\"https:\/\/dolcevita.ee\/lat\/wp-content\/plugins\/masterslider\/public\/assets\/css\/blank.gif\" alt=\"\" title=\"Untitled-2\" data-src=\"https:\/\/dolcevita.ee\/lat\/wp-content\/uploads\/2019\/06\/Untitled-2.jpg\" \/>\n\n\n\t\t\t\t<\/div>\n\t\t\t<div  class=\"ms-slide\" data-delay=\"4\" data-fill-mode=\"fill\"   >\n\t\t\t\t\t<img decoding=\"async\" src=\"https:\/\/dolcevita.ee\/lat\/wp-content\/plugins\/masterslider\/public\/assets\/css\/blank.gif\" alt=\"\" title=\"Untitled-3\" data-src=\"https:\/\/dolcevita.ee\/lat\/wp-content\/uploads\/2019\/06\/Untitled-3.jpg\" \/>\n\n\n\t\t\t\t<\/div>\n\t\t\t<div  class=\"ms-slide\" data-delay=\"4\" data-fill-mode=\"fill\"   >\n\t\t\t\t\t<img decoding=\"async\" src=\"https:\/\/dolcevita.ee\/lat\/wp-content\/plugins\/masterslider\/public\/assets\/css\/blank.gif\" alt=\"\" title=\"banner-1920x750-19\" data-src=\"https:\/\/dolcevita.ee\/lat\/wp-content\/uploads\/2019\/06\/banner-1920x750-19.jpg\" \/>\n\n\n\t\t\t\t<\/div>\n\t\t\t<div  class=\"ms-slide\" data-delay=\"4\" data-fill-mode=\"fill\"   >\n\t\t\t\t\t<img decoding=\"async\" src=\"https:\/\/dolcevita.ee\/lat\/wp-content\/plugins\/masterslider\/public\/assets\/css\/blank.gif\" alt=\"\" title=\"banner-1920x750-18\" data-src=\"https:\/\/dolcevita.ee\/lat\/wp-content\/uploads\/2019\/06\/banner-1920x750-18.jpg\" \/>\n\n\n\t\t\t\t<\/div>\n\t\t\t<div  class=\"ms-slide\" data-delay=\"4\" data-fill-mode=\"fill\"   >\n\t\t\t\t\t<img decoding=\"async\" src=\"https:\/\/dolcevita.ee\/lat\/wp-content\/plugins\/masterslider\/public\/assets\/css\/blank.gif\" alt=\"\" title=\"banner-1920x750-17\" data-src=\"https:\/\/dolcevita.ee\/lat\/wp-content\/uploads\/2019\/06\/banner-1920x750-17.jpg\" \/>\n\n\n\t\t\t\t<\/div>\n\t\t\t<div  class=\"ms-slide\" data-delay=\"4\" data-fill-mode=\"fill\"   >\n\t\t\t\t\t<img decoding=\"async\" src=\"https:\/\/dolcevita.ee\/lat\/wp-content\/plugins\/masterslider\/public\/assets\/css\/blank.gif\" alt=\"\" title=\"banner-1920x750-11\" data-src=\"https:\/\/dolcevita.ee\/lat\/wp-content\/uploads\/2019\/06\/banner-1920x750-11.jpg\" \/>\n\n\n\t\t\t\t<\/div>\n\t\t\t<div  class=\"ms-slide\" data-delay=\"4\" data-fill-mode=\"fill\"   >\n\t\t\t\t\t<img decoding=\"async\" src=\"https:\/\/dolcevita.ee\/lat\/wp-content\/plugins\/masterslider\/public\/assets\/css\/blank.gif\" alt=\"\" title=\"banner-1920x750-10\" data-src=\"https:\/\/dolcevita.ee\/lat\/wp-content\/uploads\/2019\/06\/banner-1920x750-10.jpg\" \/>\n\n\n\t\t\t\t<\/div>\n\t\t\t<div  class=\"ms-slide\" data-delay=\"4\" data-fill-mode=\"fill\"   >\n\t\t\t\t\t<img decoding=\"async\" src=\"https:\/\/dolcevita.ee\/lat\/wp-content\/plugins\/masterslider\/public\/assets\/css\/blank.gif\" alt=\"\" title=\"banner-1920x750-9\" data-src=\"https:\/\/dolcevita.ee\/lat\/wp-content\/uploads\/2019\/06\/banner-1920x750-9.jpg\" \/>\n\n\n\t\t\t\t<\/div>\n\n\t\t\t<\/div>\n\t\t\t<!-- END MasterSlider Main -->\n\n\t\t\t \n\t\t<\/div>\n\t\t<!-- END MasterSlider -->\n\n\t\t<script>\n\t\t( window.MSReady = window.MSReady || [] ).push( function( $ ) {\n\n\t\t\t\"use strict\";\n\t\t\tvar masterslider_7773 = new MasterSlider();\n\n\t\t\t\/\/ slider controls\n\t\t\t\/\/ slider setup\n\t\t\tmasterslider_7773.setup(\"MS6a02cace17773\", {\n\t\t\t\twidth           : 1000,\n\t\t\t\theight          : 500,\n\t\t\t\tminHeight       : 0,\n\t\t\t\tspace           : 0,\n\t\t\t\tstart           : 1,\n\t\t\t\tgrabCursor      : false,\n\t\t\t\tswipe           : true,\n\t\t\t\tmouse           : false,\n\t\t\t\tkeyboard        : true,\n\t\t\t\tlayout          : \"fullwidth\",\n\t\t\t\twheel           : false,\n\t\t\t\tautoplay        : true,\n                instantStartLayers:false,\n\t\t\t\tmobileBGVideo:false,\n\t\t\t\tloop            : true,\n\t\t\t\tshuffle         : true,\n\t\t\t\tpreload         : 0,\n\t\t\t\theightLimit     : true,\n\t\t\t\tautoHeight      : false,\n\t\t\t\tsmoothHeight    : true,\n\t\t\t\tendPause        : false,\n\t\t\t\toverPause       : false,\n\t\t\t\tfillMode        : \"fill\",\n\t\t\t\tcenterControls  : true,\n\t\t\t\tstartOnAppear   : false,\n\t\t\t\tlayersMode      : \"center\",\n\t\t\t\tautofillTarget  : \"\",\n\t\t\t\thideLayers      : false,\n\t\t\t\tfullscreenMargin: 0,\n\t\t\t\tspeed           : 2,\n\t\t\t\tdir             : \"h\",\n\t\t\t\tresponsive      : true,\n\t\t\t\ttabletWidth     : 768,\n\t\t\t\ttabletHeight    : null,\n\t\t\t\tphoneWidth      : 480,\n\t\t\t\tphoneHeight    : null,\n\t\t\t\tsizingReference : window,\n\t\t\t\tparallaxMode    : 'swipe',\n\t\t\t\tview            : \"fade\"\n\t\t\t});\n\n\t\t\t\n\t\t\twindow.masterslider_instances = window.masterslider_instances || [];\n\t\t\twindow.masterslider_instances.push( masterslider_7773 );\n\t\t});\n\t\t<\/script>\n\n\n\n\n\n<blockquote class=\"wp-block-quote is-style-large is-layout-flow wp-block-quote-is-layout-flow\">\n<p><em>Cilv\u0113ki<\/em><\/p>\n<\/blockquote>\n\n\n\n<p class=\"has-text-align-center\"><\/p>\n\n\n<div class=\"wp-block-image\">\n<figure class=\"aligncenter\"><img loading=\"lazy\" decoding=\"async\" width=\"300\" height=\"300\" src=\"https:\/\/dolcevita.ee\/lat\/wp-content\/uploads\/2020\/03\/Santa-300x300.png\" alt=\"\" class=\"wp-image-1123\" srcset=\"https:\/\/dolcevita.ee\/lat\/wp-content\/uploads\/2020\/03\/Santa-300x300.png 300w, https:\/\/dolcevita.ee\/lat\/wp-content\/uploads\/2020\/03\/Santa-150x150.png 150w, https:\/\/dolcevita.ee\/lat\/wp-content\/uploads\/2020\/03\/Santa-100x100.png 100w, https:\/\/dolcevita.ee\/lat\/wp-content\/uploads\/2020\/03\/Santa-60x60.png 60w, https:\/\/dolcevita.ee\/lat\/wp-content\/uploads\/2020\/03\/Santa-80x80.png 80w, https:\/\/dolcevita.ee\/lat\/wp-content\/uploads\/2020\/03\/Santa-24x24.png 24w, https:\/\/dolcevita.ee\/lat\/wp-content\/uploads\/2020\/03\/Santa.png 680w\" sizes=\"auto, (max-width: 300px) 100vw, 300px\" \/><\/figure><\/div>\n\n\n<p class=\"has-text-align-center\"> <strong>Santa Pluce-Jana<\/strong>  <strong><br><\/strong>Latvijas veikalu t\u012bkla vad\u012bt\u0101ja<br>santa(at)dolcevitalatvija.lv<br><br><\/p>\n\n\n<section class=\"parallax-section\"><div class=\"parallax-window\" data-z-index=\"0\" data-position-x=\"left\" data-parallax=\"scroll\" data-speed=\".1\" data-image-src=\"https:\/\/dolcevita.ee\/lat\/wp-content\/uploads\/2019\/06\/banner-1920x750-7.jpg\" style=\"align-items: flex-start;min-height: 300px;\"><div class=\"parallax-container parallax-content\"><br \/>\n<\/div><\/div><\/section>\n\n\n\n<blockquote class=\"wp-block-quote is-style-large is-layout-flow wp-block-quote-is-layout-flow\">\n<p><em> Juridisk\u0101 adrese: <\/em><\/p>\n<\/blockquote>\n\n\n\n<p class=\"has-text-align-center\">Br\u012bv\u012bbas gatve 372 \u2013 2<\/p>\n\n\n\n<p class=\"has-text-align-center\">R\u012bga LV-1006<\/p>\n\n\n\n<p class=\"has-text-align-center\">Latvija<\/p>\n\n\n\n<p class=\"has-text-align-center\">Re\u0123. Nr. 40003838421<\/p>\n\n\n\n<p class=\"has-text-align-center\">PVN: LV40003838421<\/p>\n\n\n\n<p class=\"has-text-align-center\">Gr\u0101matved\u012bba: rekini(at)dolcevitalatvija.lv<\/p>\n\n\n\n\n\n<blockquote class=\"wp-block-quote is-style-large is-layout-flow wp-block-quote-is-layout-flow\">\n<p><\/p>\n<\/blockquote>\n\n\n\n<h3 class=\"wp-block-heading\" id=\"bottega-verde\"><\/h3>\n\n\n\n<p class=\"has-text-align-center\"><\/p>\n\n\n\n<p class=\"has-text-align-center\"><\/p>\n\n\n\n<p class=\"has-text-align-center\"><\/p>\n\n\n\n<h3 class=\"wp-block-heading\" id=\"okaidi\"><\/h3>\n\n\n\n<p class=\"has-text-align-center\"><\/p>\n\n\n\n<p class=\"has-text-align-center\"><\/p>\n\n\n\n<p class=\"has-text-align-center\"><\/p>\n\n\n\n<p class=\"has-text-align-center\"><\/p>\n\n\n\n<p class=\"has-text-align-center\"><\/p>\n\n\n\n<h3 class=\"wp-block-heading\" id=\"change\"><\/h3>\n\n\n\n<p class=\"has-text-align-center\"><\/p>\n\n\n\n<p class=\"has-text-align-center\"><\/p>\n\n\n\n<p class=\"has-text-align-center\"><\/p>\n\n\n\n<p class=\"has-text-align-center\"><\/p>\n\n\n\n<p class=\"has-text-align-center\"><\/p>\n\n\n\n<p class=\"has-text-align-center\"><\/p>\n\n\n\n<p class=\"has-text-align-center\"><\/p>\n\n\n\n<p class=\"has-text-align-center\"><\/p>\n\n\n\n<p><\/p>\n\n\n\n<p><\/p>\n","protected":false},"excerpt":{"rendered":"<p>Cilv\u0113ki Santa Pluce-Jana Latvijas veikalu t\u012bkla vad\u012bt\u0101jasanta(at)dolcevitalatvija.lv Juridisk\u0101 adrese: Br\u012bv\u012bbas gatve 372 \u2013 2 R\u012bga LV-1006 Latvija Re\u0123. Nr. 40003838421 PVN: LV40003838421 Gr\u0101matved\u012bba: rekini(at)dolcevitalatvija.lv<\/p>\n","protected":false},"author":1,"featured_media":0,"parent":0,"menu_order":0,"comment_status":"closed","ping_status":"closed","template":"template-fullwidth.php","meta":{"inline_featured_image":false,"footnotes":""},"class_list":["post-43","page","type-page","status-publish","hentry"],"_links":{"self":[{"href":"https:\/\/dolcevita.ee\/lat\/wp-json\/wp\/v2\/pages\/43","targetHints":{"allow":["GET"]}}],"collection":[{"href":"https:\/\/dolcevita.ee\/lat\/wp-json\/wp\/v2\/pages"}],"about":[{"href":"https:\/\/dolcevita.ee\/lat\/wp-json\/wp\/v2\/types\/page"}],"author":[{"embeddable":true,"href":"https:\/\/dolcevita.ee\/lat\/wp-json\/wp\/v2\/users\/1"}],"replies":[{"embeddable":true,"href":"https:\/\/dolcevita.ee\/lat\/wp-json\/wp\/v2\/comments?post=43"}],"version-history":[{"count":84,"href":"https:\/\/dolcevita.ee\/lat\/wp-json\/wp\/v2\/pages\/43\/revisions"}],"predecessor-version":[{"id":1171,"href":"https:\/\/dolcevita.ee\/lat\/wp-json\/wp\/v2\/pages\/43\/revisions\/1171"}],"wp:attachment":[{"href":"https:\/\/dolcevita.ee\/lat\/wp-json\/wp\/v2\/media?parent=43"}],"curies":[{"name":"wp","href":"https:\/\/api.w.org\/{rel}","templated":true}]}}