{"id":481,"date":"2019-05-15T20:47:36","date_gmt":"2019-05-15T18:47:36","guid":{"rendered":"https:\/\/dolcevita.ee\/lat\/?page_id=481"},"modified":"2025-08-25T14:27:02","modified_gmt":"2025-08-25T12:27:02","slug":"kandidesana","status":"publish","type":"page","link":"https:\/\/dolcevita.ee\/lat\/kandidesana\/","title":{"rendered":"KANDID\u0112\u0160ANA"},"content":{"rendered":"\n<blockquote class=\"wp-block-quote is-style-large is-layout-flow wp-block-quote-is-layout-flow\">\n<p>SIA L\u2019Dolcevita Latvija ir ekskluz\u012bv\u0101 z\u012bmola CHANGE Lingerie ofici\u0101lais izplat\u012bt\u0101js Latvij\u0101. M\u016bsu veikali atrodas R\u012bg\u0101 tirdzniec\u012bbas centros \u201eAkropole Alfa\u201c un &#8220;Spice&#8221;.<\/p>\n<\/blockquote>\n\n\n\n<figure class=\"wp-block-image\"><img loading=\"lazy\" decoding=\"async\" width=\"1920\" height=\"594\" src=\"https:\/\/dolcevita.ee\/lat\/wp-content\/uploads\/2019\/06\/banner-10.jpg\" alt=\"\" class=\"wp-image-696\" srcset=\"https:\/\/dolcevita.ee\/lat\/wp-content\/uploads\/2019\/06\/banner-10.jpg 1920w, https:\/\/dolcevita.ee\/lat\/wp-content\/uploads\/2019\/06\/banner-10-300x93.jpg 300w, https:\/\/dolcevita.ee\/lat\/wp-content\/uploads\/2019\/06\/banner-10-768x238.jpg 768w, https:\/\/dolcevita.ee\/lat\/wp-content\/uploads\/2019\/06\/banner-10-1024x317.jpg 1024w, https:\/\/dolcevita.ee\/lat\/wp-content\/uploads\/2019\/06\/banner-10-259x80.jpg 259w\" sizes=\"auto, (max-width: 1920px) 100vw, 1920px\" \/><\/figure>\n\n\n\n<blockquote class=\"wp-block-quote is-style-large is-layout-flow wp-block-quote-is-layout-flow\">\n<p>K\u0100DU CILV\u0112KU M\u0112S MEKL\u0112JAM?<\/p>\n<\/blockquote>\n\n\n\n<p class=\"has-text-align-center\"><strong>V\u0113lamies Tev pied\u0101v\u0101t darbu, ja mums ir vien\u0101das v\u0113rt\u012bbas:<\/strong><\/p>\n\n\n\n<p>Tu esi pozit\u012bvs, izpal\u012bdz\u012bgs un orient\u0113ts uz rezult\u0101tu. Tavi kol\u0113\u0123i ir cilv\u0113ki ar at\u0161\u0137ir\u012bg\u0101m pag\u0101tn\u0113m un raksturiem, kurus vieno iek\u0161\u0113j\u0101 motiv\u0101cija r\u012bkoties un b\u016bt lab\u0101kiem, nek\u0101 vakardien.<br><br>Tev ir labas komunik\u0101cijas un emp\u0101tijas sp\u0113jas, jo klienti, ar kuriem ikdien\u0101 saskarsies, ir \u013coti da\u017e\u0101di, t\u0101pat k\u0101 ir at\u0161\u0137ir\u012bgs vi\u0146u komunik\u0101cijas stils un noska\u0146ojums.&nbsp;<br><br>Tu esi silts un labs namat\u0113vs\/namam\u0101te, kas vienm\u0113r laipni uz\u0146em viesus un uzlabo tiem garast\u0101vokli.<br><br>Noder\u0113s ar\u012b sve\u0161valodu zin\u0101\u0161anas (krievu, ang\u013cu valoda) sazi\u0146as l\u012bmen\u012b. Pat ja Tu nej\u016bties p\u0101rliecin\u0101ts, neuztraucies \u2013 darb\u0101 nepiecie\u0161amo v\u0101rdu kr\u0101jumu \u0101tri apg\u016bsi.<\/p>\n\n\n\n<p class=\"has-text-align-center\"><a href=\"https:\/\/dolcevita.ee\/lat\/par-mums\/\">Iepaz\u012bsties ar m\u016bsu cilv\u0113kiem!<\/a><\/p>\n\n\n\n<p class=\"has-text-align-center\"><a href=\"#\" class=\"popmake-538\">Pievienojies m\u016bsu komandai!<\/a><\/p>\n\n\n<section class=\"parallax-section\"><div class=\"parallax-window\" data-z-index=\"0\" data-position-x=\"center\" data-parallax=\"scroll\" data-speed=\".0\" data-image-src=\"https:\/\/dolcevita.ee\/lat\/wp-content\/uploads\/2019\/06\/banner-1920x750-8.jpg\" style=\"align-items: flex-start;min-height: 300px;\"><div class=\"parallax-container parallax-content\"><br \/>\n<\/div><\/div><\/section>\n\n\n\n<blockquote class=\"wp-block-quote is-style-large is-layout-flow wp-block-quote-is-layout-flow\">\n<p>K\u0100DS DARBA DEV\u0112JS IR L\u2019DOLCEVITA?<\/p>\n<\/blockquote>\n\n\n\n<p class=\"has-text-align-left\">Tiecamies uz kop\u012bgu m\u0113r\u0137i \u2013 Nodro\u0161in\u0101t savi\u013c\u0146ojo\u0161u iepirk\u0161an\u0101s pieredzi, veikalos pied\u0101v\u0101jot lielisku klientu apkalpo\u0161anu, pla\u0161u kvalitat\u012bvu z\u012bmolu pre\u010du kl\u0101stu un skaistu iepirk\u0161an\u0101s vidi.<br><\/p>\n\n\n\n<p>Veidojam labu darba vidi un risin\u0101m situ\u0101cijas darbinieku un klientu lab\u0101.<br><br>K\u0101rt\u012bgi Tevi apm\u0101c\u012bsim un ar\u012b v\u0113l\u0101k atbalst\u012bsim ikdienas komandas darb\u0101.<br><br>M\u0113s esam uzticami, orient\u0113ti uz n\u0101kotni un profesion\u0101li. Tie\u0161i \u0161\u012bs v\u0113rt\u012bbas ir m\u016bsu veiksmes pamat\u0101. To, ko sagaid\u0101m no saviem darbiniekiem, pied\u0101v\u0101jam ar\u012b pa\u0161i.<\/p>\n\n\n\n<p class=\"has-text-align-center\"><a href=\"https:\/\/dolcevita.ee\/lat\/par-mums\/\">Iepaz\u012bsties ar m\u016bsu cilv\u0113kiem!<\/a><\/p>\n\n\n\n<p class=\"has-text-align-center\"><a href=\"#\" class=\"popmake-538\">Pievienojies m\u016bsu komandai!<br><\/a><br><\/p>\n\n\n<section class=\"parallax-section\"><div class=\"parallax-window\" data-z-index=\"0\" data-position-x=\"center\" data-parallax=\"scroll\" data-speed=\".0\" data-image-src=\"https:\/\/dolcevita.ee\/lat\/wp-content\/uploads\/2019\/06\/banner-1920x750-7.jpg\" style=\"align-items: flex-start;min-height: 300px;\"><div class=\"parallax-container parallax-content\"><br \/>\n<\/div><\/div><\/section>\n\n\n\n<blockquote class=\"wp-block-quote is-style-large is-layout-flow wp-block-quote-is-layout-flow\">\n<p>K\u0100DS B\u016aS TAVS DARBS?<\/p>\n<\/blockquote>\n\n\n\n<p>B\u016bs daudz j\u0101komunic\u0113 un esi dro\u0161s \u2013 darba dienas b\u016bs daudzpus\u012bgas \u2013 klienti un vi\u0146u v\u0113lmes ir \u013coti da\u017e\u0101das.<br><br>Iepaz\u012bsi preces, mazumtirdzniec\u012bbu, cilv\u0113ku tipus, pats sevi \u2013 visas situ\u0101cijas pal\u012bdz att\u012bst\u012bties.<br><br>Att\u012bst\u012bsi savas p\u0101rdo\u0161anas prasmes. Neiztr\u016bksto\u0161a lieta ir ar\u012b p\u0101rdo\u0161anas bonusi.<br><br>R\u016bp\u0113sies par veikalu un kasi.<\/p>\n\n\n\n<p class=\"has-text-align-center\"><a href=\"https:\/\/dolcevita.ee\/lat\/par-mums\/\">Iepaz\u012bsties ar m\u016bsu cilv\u0113kiem!<\/a><\/p>\n\n\n\n<p class=\"has-text-align-center\"><a href=\"#\" class=\"popmake-538\">Pievienojies m\u016bsu komandai!<br><\/a><br><\/p>\n","protected":false},"excerpt":{"rendered":"<p>SIA L\u2019Dolcevita Latvija ir ekskluz\u012bv\u0101 z\u012bmola CHANGE Lingerie ofici\u0101lais izplat\u012bt\u0101js Latvij\u0101. M\u016bsu veikali atrodas R\u012bg\u0101 tirdzniec\u012bbas centros \u201eAkropole Alfa\u201c un &#8220;Spice&#8221;. K\u0100DU CILV\u0112KU M\u0112S MEKL\u0112JAM? V\u0113lamies Tev pied\u0101v\u0101t darbu, ja mums ir vien\u0101das v\u0113rt\u012bbas: Tu esi pozit\u012bvs, izpal\u012bdz\u012bgs un orient\u0113ts uz rezult\u0101tu. Tavi kol\u0113\u0123i ir cilv\u0113ki ar at\u0161\u0137ir\u012bg\u0101m pag\u0101tn\u0113m un [&hellip;]<\/p>\n","protected":false},"author":1,"featured_media":0,"parent":0,"menu_order":0,"comment_status":"closed","ping_status":"closed","template":"template-fullwidth.php","meta":{"inline_featured_image":false,"footnotes":""},"class_list":["post-481","page","type-page","status-publish","hentry"],"_links":{"self":[{"href":"https:\/\/dolcevita.ee\/lat\/wp-json\/wp\/v2\/pages\/481","targetHints":{"allow":["GET"]}}],"collection":[{"href":"https:\/\/dolcevita.ee\/lat\/wp-json\/wp\/v2\/pages"}],"about":[{"href":"https:\/\/dolcevita.ee\/lat\/wp-json\/wp\/v2\/types\/page"}],"author":[{"embeddable":true,"href":"https:\/\/dolcevita.ee\/lat\/wp-json\/wp\/v2\/users\/1"}],"replies":[{"embeddable":true,"href":"https:\/\/dolcevita.ee\/lat\/wp-json\/wp\/v2\/comments?post=481"}],"version-history":[{"count":38,"href":"https:\/\/dolcevita.ee\/lat\/wp-json\/wp\/v2\/pages\/481\/revisions"}],"predecessor-version":[{"id":1197,"href":"https:\/\/dolcevita.ee\/lat\/wp-json\/wp\/v2\/pages\/481\/revisions\/1197"}],"wp:attachment":[{"href":"https:\/\/dolcevita.ee\/lat\/wp-json\/wp\/v2\/media?parent=481"}],"curies":[{"name":"wp","href":"https:\/\/api.w.org\/{rel}","templated":true}]}}